{"id":45,"date":"2017-02-22T17:42:22","date_gmt":"2017-02-22T16:42:22","guid":{"rendered":"http:\/\/www.heimatbund-ronnenberg.de\/wordpress-2\/index.php\/veranstaltungen\/"},"modified":"2026-04-13T16:58:40","modified_gmt":"2026-04-13T14:58:40","slug":"veranstaltungen","status":"publish","type":"page","link":"https:\/\/www.heimatbund-ronnenberg.de\/?page_id=45","title":{"rendered":"Veranstaltungen"},"content":{"rendered":"\n<p>Salz am Wege <\/p>\n\n\n\n<p>SALZ am<\/p>\n\n\n<p>Diese Seite wird von Events Made Easy verwendet! Ver\u00e4ndere sie nicht, verwende sie nicht in deinen Men\u00fcs und l\u00f6sche sie nicht! Stelle einfach nur sicher, das Events Made Easy in den Einstellungen auf der &#8222;Event Seite&#8220; auf diese Seite verweist. Events Made Easy benutzt diese Seite um Veranstaltungen, Veranstaltungsorte, Buchungen, Landkarten und alles andere darstellen zu k\u00f6nnen. Falls Du diese Seite l\u00f6schen m\u00f6chtest erstelle eine neue Seite die Events Made Easy benutzen und aktualisieren kann und verweise in den Einstellungen auf der &#8222;Event Seite&#8220; von Events Made Easy auf die neue Seite.<\/p>","protected":false},"excerpt":{"rendered":"<p>Salz am Wege SALZ am Diese Seite wird von Events Made Easy verwendet! Ver\u00e4ndere sie nicht, verwende sie nicht in deinen Men\u00fcs und l\u00f6sche sie nicht! Stelle einfach nur sicher, das Events Made Easy in den Einstellungen auf der &#8222;Event Seite&#8220; auf diese Seite verweist. Events Made Easy benutzt diese Seite um Veranstaltungen, Veranstaltungsorte, Buchungen, Landkarten und alles andere darstellen<\/p>\n","protected":false},"author":5,"featured_media":0,"parent":0,"menu_order":0,"comment_status":"closed","ping_status":"closed","template":"","meta":{"footnotes":""},"class_list":["post-45","page","type-page","status-publish","hentry"],"yoast_head":"<!-- This site is optimized with the Yoast SEO plugin v27.2 - https:\/\/yoast.com\/product\/yoast-seo-wordpress\/ -->\n<title>Veranstaltungen - Heimatbund Ronnenberg<\/title>\n<meta name=\"robots\" content=\"index, follow, max-snippet:-1, max-image-preview:large, max-video-preview:-1\" \/>\n<link rel=\"canonical\" href=\"https:\/\/www.heimatbund-ronnenberg.de\/?page_id=45\" \/>\n<meta property=\"og:locale\" content=\"de_DE\" \/>\n<meta property=\"og:type\" content=\"article\" \/>\n<meta property=\"og:title\" content=\"Veranstaltungen - Heimatbund Ronnenberg\" \/>\n<meta property=\"og:description\" content=\"Salz am Wege SALZ am Diese Seite wird von Events Made Easy verwendet! Ver\u00e4ndere sie nicht, verwende sie nicht in deinen Men\u00fcs und l\u00f6sche sie nicht! Stelle einfach nur sicher, das Events Made Easy in den Einstellungen auf der &#8222;Event Seite&#8220; auf diese Seite verweist. Events Made Easy benutzt diese Seite um Veranstaltungen, Veranstaltungsorte, Buchungen, Landkarten und alles andere darstellen\" \/>\n<meta property=\"og:url\" content=\"https:\/\/www.heimatbund-ronnenberg.de\/?page_id=45\" \/>\n<meta property=\"og:site_name\" content=\"Heimatbund Ronnenberg\" \/>\n<meta property=\"article:modified_time\" content=\"2026-04-13T14:58:40+00:00\" \/>\n<meta name=\"twitter:card\" content=\"summary_large_image\" \/>\n<meta name=\"twitter:label1\" content=\"Gesch\u00e4tzte Lesezeit\" \/>\n\t<meta name=\"twitter:data1\" content=\"1\u00a0Minute\" \/>\n<script type=\"application\/ld+json\" class=\"yoast-schema-graph\">{\"@context\":\"https:\/\/schema.org\",\"@graph\":[{\"@type\":\"WebPage\",\"@id\":\"https:\/\/www.heimatbund-ronnenberg.de\/?page_id=45\",\"url\":\"https:\/\/www.heimatbund-ronnenberg.de\/?page_id=45\",\"name\":\"Veranstaltungen - Heimatbund Ronnenberg\",\"isPartOf\":{\"@id\":\"https:\/\/www.heimatbund-ronnenberg.de\/#website\"},\"datePublished\":\"2017-02-22T16:42:22+00:00\",\"dateModified\":\"2026-04-13T14:58:40+00:00\",\"breadcrumb\":{\"@id\":\"https:\/\/www.heimatbund-ronnenberg.de\/?page_id=45#breadcrumb\"},\"inLanguage\":\"de\",\"potentialAction\":[{\"@type\":\"ReadAction\",\"target\":[\"https:\/\/www.heimatbund-ronnenberg.de\/?page_id=45\"]}]},{\"@type\":\"BreadcrumbList\",\"@id\":\"https:\/\/www.heimatbund-ronnenberg.de\/?page_id=45#breadcrumb\",\"itemListElement\":[{\"@type\":\"ListItem\",\"position\":1,\"name\":\"Startseite\",\"item\":\"https:\/\/www.heimatbund-ronnenberg.de\/\"},{\"@type\":\"ListItem\",\"position\":2,\"name\":\"Veranstaltungen\"}]},{\"@type\":\"WebSite\",\"@id\":\"https:\/\/www.heimatbund-ronnenberg.de\/#website\",\"url\":\"https:\/\/www.heimatbund-ronnenberg.de\/\",\"name\":\"Heimatbund Ronnenberg\",\"description\":\"Im Calenberger Land\",\"publisher\":{\"@id\":\"https:\/\/www.heimatbund-ronnenberg.de\/#organization\"},\"potentialAction\":[{\"@type\":\"SearchAction\",\"target\":{\"@type\":\"EntryPoint\",\"urlTemplate\":\"https:\/\/www.heimatbund-ronnenberg.de\/?s={search_term_string}\"},\"query-input\":{\"@type\":\"PropertyValueSpecification\",\"valueRequired\":true,\"valueName\":\"search_term_string\"}}],\"inLanguage\":\"de\"},{\"@type\":\"Organization\",\"@id\":\"https:\/\/www.heimatbund-ronnenberg.de\/#organization\",\"name\":\"Heimatbund Ronnenberg\",\"url\":\"https:\/\/www.heimatbund-ronnenberg.de\/\",\"logo\":{\"@type\":\"ImageObject\",\"inLanguage\":\"de\",\"@id\":\"https:\/\/www.heimatbund-ronnenberg.de\/#\/schema\/logo\/image\/\",\"url\":\"https:\/\/www.heimatbund-ronnenberg.de\/wp-content\/uploads\/2017\/03\/Favicon-e1613163573244.gif\",\"contentUrl\":\"https:\/\/www.heimatbund-ronnenberg.de\/wp-content\/uploads\/2017\/03\/Favicon-e1613163573244.gif\",\"width\":112,\"height\":112,\"caption\":\"Heimatbund Ronnenberg\"},\"image\":{\"@id\":\"https:\/\/www.heimatbund-ronnenberg.de\/#\/schema\/logo\/image\/\"}}]}<\/script>\n<!-- \/ Yoast SEO plugin. -->","yoast_head_json":{"title":"Veranstaltungen - Heimatbund Ronnenberg","robots":{"index":"index","follow":"follow","max-snippet":"max-snippet:-1","max-image-preview":"max-image-preview:large","max-video-preview":"max-video-preview:-1"},"canonical":"https:\/\/www.heimatbund-ronnenberg.de\/?page_id=45","og_locale":"de_DE","og_type":"article","og_title":"Veranstaltungen - Heimatbund Ronnenberg","og_description":"Salz am Wege SALZ am Diese Seite wird von Events Made Easy verwendet! Ver\u00e4ndere sie nicht, verwende sie nicht in deinen Men\u00fcs und l\u00f6sche sie nicht! Stelle einfach nur sicher, das Events Made Easy in den Einstellungen auf der &#8222;Event Seite&#8220; auf diese Seite verweist. Events Made Easy benutzt diese Seite um Veranstaltungen, Veranstaltungsorte, Buchungen, Landkarten und alles andere darstellen","og_url":"https:\/\/www.heimatbund-ronnenberg.de\/?page_id=45","og_site_name":"Heimatbund Ronnenberg","article_modified_time":"2026-04-13T14:58:40+00:00","twitter_card":"summary_large_image","twitter_misc":{"Gesch\u00e4tzte Lesezeit":"1\u00a0Minute"},"schema":{"@context":"https:\/\/schema.org","@graph":[{"@type":"WebPage","@id":"https:\/\/www.heimatbund-ronnenberg.de\/?page_id=45","url":"https:\/\/www.heimatbund-ronnenberg.de\/?page_id=45","name":"Veranstaltungen - Heimatbund Ronnenberg","isPartOf":{"@id":"https:\/\/www.heimatbund-ronnenberg.de\/#website"},"datePublished":"2017-02-22T16:42:22+00:00","dateModified":"2026-04-13T14:58:40+00:00","breadcrumb":{"@id":"https:\/\/www.heimatbund-ronnenberg.de\/?page_id=45#breadcrumb"},"inLanguage":"de","potentialAction":[{"@type":"ReadAction","target":["https:\/\/www.heimatbund-ronnenberg.de\/?page_id=45"]}]},{"@type":"BreadcrumbList","@id":"https:\/\/www.heimatbund-ronnenberg.de\/?page_id=45#breadcrumb","itemListElement":[{"@type":"ListItem","position":1,"name":"Startseite","item":"https:\/\/www.heimatbund-ronnenberg.de\/"},{"@type":"ListItem","position":2,"name":"Veranstaltungen"}]},{"@type":"WebSite","@id":"https:\/\/www.heimatbund-ronnenberg.de\/#website","url":"https:\/\/www.heimatbund-ronnenberg.de\/","name":"Heimatbund Ronnenberg","description":"Im Calenberger Land","publisher":{"@id":"https:\/\/www.heimatbund-ronnenberg.de\/#organization"},"potentialAction":[{"@type":"SearchAction","target":{"@type":"EntryPoint","urlTemplate":"https:\/\/www.heimatbund-ronnenberg.de\/?s={search_term_string}"},"query-input":{"@type":"PropertyValueSpecification","valueRequired":true,"valueName":"search_term_string"}}],"inLanguage":"de"},{"@type":"Organization","@id":"https:\/\/www.heimatbund-ronnenberg.de\/#organization","name":"Heimatbund Ronnenberg","url":"https:\/\/www.heimatbund-ronnenberg.de\/","logo":{"@type":"ImageObject","inLanguage":"de","@id":"https:\/\/www.heimatbund-ronnenberg.de\/#\/schema\/logo\/image\/","url":"https:\/\/www.heimatbund-ronnenberg.de\/wp-content\/uploads\/2017\/03\/Favicon-e1613163573244.gif","contentUrl":"https:\/\/www.heimatbund-ronnenberg.de\/wp-content\/uploads\/2017\/03\/Favicon-e1613163573244.gif","width":112,"height":112,"caption":"Heimatbund Ronnenberg"},"image":{"@id":"https:\/\/www.heimatbund-ronnenberg.de\/#\/schema\/logo\/image\/"}}]}},"_links":{"self":[{"href":"https:\/\/www.heimatbund-ronnenberg.de\/index.php?rest_route=\/wp\/v2\/pages\/45","targetHints":{"allow":["GET"]}}],"collection":[{"href":"https:\/\/www.heimatbund-ronnenberg.de\/index.php?rest_route=\/wp\/v2\/pages"}],"about":[{"href":"https:\/\/www.heimatbund-ronnenberg.de\/index.php?rest_route=\/wp\/v2\/types\/page"}],"author":[{"embeddable":true,"href":"https:\/\/www.heimatbund-ronnenberg.de\/index.php?rest_route=\/wp\/v2\/users\/5"}],"replies":[{"embeddable":true,"href":"https:\/\/www.heimatbund-ronnenberg.de\/index.php?rest_route=%2Fwp%2Fv2%2Fcomments&post=45"}],"version-history":[{"count":3,"href":"https:\/\/www.heimatbund-ronnenberg.de\/index.php?rest_route=\/wp\/v2\/pages\/45\/revisions"}],"predecessor-version":[{"id":1364,"href":"https:\/\/www.heimatbund-ronnenberg.de\/index.php?rest_route=\/wp\/v2\/pages\/45\/revisions\/1364"}],"wp:attachment":[{"href":"https:\/\/www.heimatbund-ronnenberg.de\/index.php?rest_route=%2Fwp%2Fv2%2Fmedia&parent=45"}],"curies":[{"name":"wp","href":"https:\/\/api.w.org\/{rel}","templated":true}]}}