{"id":85,"date":"2017-02-26T16:17:35","date_gmt":"2017-02-26T15:17:35","guid":{"rendered":"http:\/\/www.heimatbund-ronnenberg.de\/?page_id=85"},"modified":"2022-06-30T12:32:40","modified_gmt":"2022-06-30T10:32:40","slug":"unser-ronnenberg","status":"publish","type":"page","link":"https:\/\/www.heimatbund-ronnenberg.de\/?page_id=85","title":{"rendered":"Unser Ronnenberg"},"content":{"rendered":"<p style=\"text-align: center;\">Liebe Freunde, der neue Ronnenberg-Flyer ist da. Ihr k\u00f6nnt ihn beim Heimatbund bestellen:<\/p>\n<p><img loading=\"lazy\" decoding=\"async\" class=\"wp-image-426 size-full aligncenter\" src=\"http:\/\/www.heimatbund-ronnenberg.de\/wp-content\/uploads\/2018\/03\/Flyer-Ron_1.jpg\" alt=\"\" width=\"816\" height=\"530\" srcset=\"https:\/\/www.heimatbund-ronnenberg.de\/wp-content\/uploads\/2018\/03\/Flyer-Ron_1.jpg 816w, https:\/\/www.heimatbund-ronnenberg.de\/wp-content\/uploads\/2018\/03\/Flyer-Ron_1-300x195.jpg 300w, https:\/\/www.heimatbund-ronnenberg.de\/wp-content\/uploads\/2018\/03\/Flyer-Ron_1-768x499.jpg 768w, https:\/\/www.heimatbund-ronnenberg.de\/wp-content\/uploads\/2018\/03\/Flyer-Ron_1-600x390.jpg 600w\" sizes=\"auto, (max-width: 816px) 100vw, 816px\" \/><\/p>\n<p>Anhand der Lauflinie k\u00f6nnt ihr das historische Ronnenberg abwandern und die Denkmalgesch\u00fctzen Geb\u00e4ude bestaunen:<\/p>\n<p>&nbsp;<\/p>\n<p><img loading=\"lazy\" decoding=\"async\" class=\"alignnone wp-image-434 size-full\" src=\"http:\/\/www.heimatbund-ronnenberg.de\/wp-content\/uploads\/2018\/03\/Flyer-Ron_2.jpg\" alt=\"\" width=\"803\" height=\"511\" srcset=\"https:\/\/www.heimatbund-ronnenberg.de\/wp-content\/uploads\/2018\/03\/Flyer-Ron_2.jpg 803w, https:\/\/www.heimatbund-ronnenberg.de\/wp-content\/uploads\/2018\/03\/Flyer-Ron_2-300x191.jpg 300w, https:\/\/www.heimatbund-ronnenberg.de\/wp-content\/uploads\/2018\/03\/Flyer-Ron_2-768x489.jpg 768w, https:\/\/www.heimatbund-ronnenberg.de\/wp-content\/uploads\/2018\/03\/Flyer-Ron_2-600x382.jpg 600w, https:\/\/www.heimatbund-ronnenberg.de\/wp-content\/uploads\/2018\/03\/Flyer-Ron_2-360x230.jpg 360w\" sizes=\"auto, (max-width: 803px) 100vw, 803px\" \/><\/p>\n<p>&nbsp;<\/p>\n","protected":false},"excerpt":{"rendered":"<p>Liebe Freunde, der neue Ronnenberg-Flyer ist da. Ihr k\u00f6nnt ihn beim Heimatbund bestellen: Anhand der Lauflinie k\u00f6nnt ihr das historische Ronnenberg abwandern und die Denkmalgesch\u00fctzen Geb\u00e4ude bestaunen: &nbsp; &nbsp;<\/p>\n","protected":false},"author":5,"featured_media":87,"parent":0,"menu_order":1,"comment_status":"closed","ping_status":"closed","template":"","meta":{"footnotes":""},"class_list":["post-85","page","type-page","status-publish","has-post-thumbnail","hentry"],"yoast_head":"<!-- This site is optimized with the Yoast SEO plugin v27.2 - https:\/\/yoast.com\/product\/yoast-seo-wordpress\/ -->\n<title>Unser Ronnenberg - Heimatbund Ronnenberg<\/title>\n<meta name=\"description\" content=\"Denkmalgesch\u00fctzte Geb\u00e4ude und historische Stellen in Ronnenberg - Flyer\" \/>\n<meta name=\"robots\" content=\"index, follow, max-snippet:-1, max-image-preview:large, max-video-preview:-1, noarchive\" \/>\n<link rel=\"canonical\" href=\"https:\/\/www.heimatbund-ronnenberg.de\/?page_id=85\" \/>\n<meta property=\"og:locale\" content=\"de_DE\" \/>\n<meta property=\"og:type\" content=\"article\" \/>\n<meta property=\"og:title\" content=\"Unser Ronnenberg - Heimatbund Ronnenberg\" \/>\n<meta property=\"og:description\" content=\"Denkmalgesch\u00fctzte Geb\u00e4ude und historische Stellen in Ronnenberg - Flyer\" \/>\n<meta property=\"og:url\" content=\"https:\/\/www.heimatbund-ronnenberg.de\/?page_id=85\" \/>\n<meta property=\"og:site_name\" content=\"Heimatbund Ronnenberg\" \/>\n<meta property=\"article:modified_time\" content=\"2022-06-30T10:32:40+00:00\" \/>\n<meta property=\"og:image\" content=\"https:\/\/www.heimatbund-ronnenberg.de\/wp-content\/uploads\/2017\/02\/Plan_Ronnenberg_1.jpg\" \/>\n\t<meta property=\"og:image:width\" content=\"730\" \/>\n\t<meta property=\"og:image:height\" content=\"528\" \/>\n\t<meta property=\"og:image:type\" content=\"image\/jpeg\" \/>\n<meta name=\"twitter:card\" content=\"summary_large_image\" \/>\n<meta name=\"twitter:label1\" content=\"Gesch\u00e4tzte Lesezeit\" \/>\n\t<meta name=\"twitter:data1\" content=\"1\u00a0Minute\" \/>\n<script type=\"application\/ld+json\" class=\"yoast-schema-graph\">{\"@context\":\"https:\/\/schema.org\",\"@graph\":[{\"@type\":\"WebPage\",\"@id\":\"https:\/\/www.heimatbund-ronnenberg.de\/?page_id=85\",\"url\":\"https:\/\/www.heimatbund-ronnenberg.de\/?page_id=85\",\"name\":\"Unser Ronnenberg - Heimatbund Ronnenberg\",\"isPartOf\":{\"@id\":\"https:\/\/www.heimatbund-ronnenberg.de\/#website\"},\"primaryImageOfPage\":{\"@id\":\"https:\/\/www.heimatbund-ronnenberg.de\/?page_id=85#primaryimage\"},\"image\":{\"@id\":\"https:\/\/www.heimatbund-ronnenberg.de\/?page_id=85#primaryimage\"},\"thumbnailUrl\":\"https:\/\/www.heimatbund-ronnenberg.de\/wp-content\/uploads\/2017\/02\/Plan_Ronnenberg_1.jpg\",\"datePublished\":\"2017-02-26T15:17:35+00:00\",\"dateModified\":\"2022-06-30T10:32:40+00:00\",\"description\":\"Denkmalgesch\u00fctzte Geb\u00e4ude und historische Stellen in Ronnenberg - Flyer\",\"breadcrumb\":{\"@id\":\"https:\/\/www.heimatbund-ronnenberg.de\/?page_id=85#breadcrumb\"},\"inLanguage\":\"de\",\"potentialAction\":[{\"@type\":\"ReadAction\",\"target\":[\"https:\/\/www.heimatbund-ronnenberg.de\/?page_id=85\"]}]},{\"@type\":\"ImageObject\",\"inLanguage\":\"de\",\"@id\":\"https:\/\/www.heimatbund-ronnenberg.de\/?page_id=85#primaryimage\",\"url\":\"https:\/\/www.heimatbund-ronnenberg.de\/wp-content\/uploads\/2017\/02\/Plan_Ronnenberg_1.jpg\",\"contentUrl\":\"https:\/\/www.heimatbund-ronnenberg.de\/wp-content\/uploads\/2017\/02\/Plan_Ronnenberg_1.jpg\",\"width\":730,\"height\":528},{\"@type\":\"BreadcrumbList\",\"@id\":\"https:\/\/www.heimatbund-ronnenberg.de\/?page_id=85#breadcrumb\",\"itemListElement\":[{\"@type\":\"ListItem\",\"position\":1,\"name\":\"Startseite\",\"item\":\"https:\/\/www.heimatbund-ronnenberg.de\/\"},{\"@type\":\"ListItem\",\"position\":2,\"name\":\"Unser Ronnenberg\"}]},{\"@type\":\"WebSite\",\"@id\":\"https:\/\/www.heimatbund-ronnenberg.de\/#website\",\"url\":\"https:\/\/www.heimatbund-ronnenberg.de\/\",\"name\":\"Heimatbund Ronnenberg\",\"description\":\"Im Calenberger Land\",\"publisher\":{\"@id\":\"https:\/\/www.heimatbund-ronnenberg.de\/#organization\"},\"potentialAction\":[{\"@type\":\"SearchAction\",\"target\":{\"@type\":\"EntryPoint\",\"urlTemplate\":\"https:\/\/www.heimatbund-ronnenberg.de\/?s={search_term_string}\"},\"query-input\":{\"@type\":\"PropertyValueSpecification\",\"valueRequired\":true,\"valueName\":\"search_term_string\"}}],\"inLanguage\":\"de\"},{\"@type\":\"Organization\",\"@id\":\"https:\/\/www.heimatbund-ronnenberg.de\/#organization\",\"name\":\"Heimatbund Ronnenberg\",\"url\":\"https:\/\/www.heimatbund-ronnenberg.de\/\",\"logo\":{\"@type\":\"ImageObject\",\"inLanguage\":\"de\",\"@id\":\"https:\/\/www.heimatbund-ronnenberg.de\/#\/schema\/logo\/image\/\",\"url\":\"https:\/\/www.heimatbund-ronnenberg.de\/wp-content\/uploads\/2017\/03\/Favicon-e1613163573244.gif\",\"contentUrl\":\"https:\/\/www.heimatbund-ronnenberg.de\/wp-content\/uploads\/2017\/03\/Favicon-e1613163573244.gif\",\"width\":112,\"height\":112,\"caption\":\"Heimatbund Ronnenberg\"},\"image\":{\"@id\":\"https:\/\/www.heimatbund-ronnenberg.de\/#\/schema\/logo\/image\/\"}}]}<\/script>\n<!-- \/ Yoast SEO plugin. -->","yoast_head_json":{"title":"Unser Ronnenberg - Heimatbund Ronnenberg","description":"Denkmalgesch\u00fctzte Geb\u00e4ude und historische Stellen in Ronnenberg - Flyer","robots":{"index":"index","follow":"follow","max-snippet":"max-snippet:-1","max-image-preview":"max-image-preview:large","max-video-preview":"max-video-preview:-1","archive":"noarchive"},"canonical":"https:\/\/www.heimatbund-ronnenberg.de\/?page_id=85","og_locale":"de_DE","og_type":"article","og_title":"Unser Ronnenberg - Heimatbund Ronnenberg","og_description":"Denkmalgesch\u00fctzte Geb\u00e4ude und historische Stellen in Ronnenberg - Flyer","og_url":"https:\/\/www.heimatbund-ronnenberg.de\/?page_id=85","og_site_name":"Heimatbund Ronnenberg","article_modified_time":"2022-06-30T10:32:40+00:00","og_image":[{"width":730,"height":528,"url":"https:\/\/www.heimatbund-ronnenberg.de\/wp-content\/uploads\/2017\/02\/Plan_Ronnenberg_1.jpg","type":"image\/jpeg"}],"twitter_card":"summary_large_image","twitter_misc":{"Gesch\u00e4tzte Lesezeit":"1\u00a0Minute"},"schema":{"@context":"https:\/\/schema.org","@graph":[{"@type":"WebPage","@id":"https:\/\/www.heimatbund-ronnenberg.de\/?page_id=85","url":"https:\/\/www.heimatbund-ronnenberg.de\/?page_id=85","name":"Unser Ronnenberg - Heimatbund Ronnenberg","isPartOf":{"@id":"https:\/\/www.heimatbund-ronnenberg.de\/#website"},"primaryImageOfPage":{"@id":"https:\/\/www.heimatbund-ronnenberg.de\/?page_id=85#primaryimage"},"image":{"@id":"https:\/\/www.heimatbund-ronnenberg.de\/?page_id=85#primaryimage"},"thumbnailUrl":"https:\/\/www.heimatbund-ronnenberg.de\/wp-content\/uploads\/2017\/02\/Plan_Ronnenberg_1.jpg","datePublished":"2017-02-26T15:17:35+00:00","dateModified":"2022-06-30T10:32:40+00:00","description":"Denkmalgesch\u00fctzte Geb\u00e4ude und historische Stellen in Ronnenberg - Flyer","breadcrumb":{"@id":"https:\/\/www.heimatbund-ronnenberg.de\/?page_id=85#breadcrumb"},"inLanguage":"de","potentialAction":[{"@type":"ReadAction","target":["https:\/\/www.heimatbund-ronnenberg.de\/?page_id=85"]}]},{"@type":"ImageObject","inLanguage":"de","@id":"https:\/\/www.heimatbund-ronnenberg.de\/?page_id=85#primaryimage","url":"https:\/\/www.heimatbund-ronnenberg.de\/wp-content\/uploads\/2017\/02\/Plan_Ronnenberg_1.jpg","contentUrl":"https:\/\/www.heimatbund-ronnenberg.de\/wp-content\/uploads\/2017\/02\/Plan_Ronnenberg_1.jpg","width":730,"height":528},{"@type":"BreadcrumbList","@id":"https:\/\/www.heimatbund-ronnenberg.de\/?page_id=85#breadcrumb","itemListElement":[{"@type":"ListItem","position":1,"name":"Startseite","item":"https:\/\/www.heimatbund-ronnenberg.de\/"},{"@type":"ListItem","position":2,"name":"Unser Ronnenberg"}]},{"@type":"WebSite","@id":"https:\/\/www.heimatbund-ronnenberg.de\/#website","url":"https:\/\/www.heimatbund-ronnenberg.de\/","name":"Heimatbund Ronnenberg","description":"Im Calenberger Land","publisher":{"@id":"https:\/\/www.heimatbund-ronnenberg.de\/#organization"},"potentialAction":[{"@type":"SearchAction","target":{"@type":"EntryPoint","urlTemplate":"https:\/\/www.heimatbund-ronnenberg.de\/?s={search_term_string}"},"query-input":{"@type":"PropertyValueSpecification","valueRequired":true,"valueName":"search_term_string"}}],"inLanguage":"de"},{"@type":"Organization","@id":"https:\/\/www.heimatbund-ronnenberg.de\/#organization","name":"Heimatbund Ronnenberg","url":"https:\/\/www.heimatbund-ronnenberg.de\/","logo":{"@type":"ImageObject","inLanguage":"de","@id":"https:\/\/www.heimatbund-ronnenberg.de\/#\/schema\/logo\/image\/","url":"https:\/\/www.heimatbund-ronnenberg.de\/wp-content\/uploads\/2017\/03\/Favicon-e1613163573244.gif","contentUrl":"https:\/\/www.heimatbund-ronnenberg.de\/wp-content\/uploads\/2017\/03\/Favicon-e1613163573244.gif","width":112,"height":112,"caption":"Heimatbund Ronnenberg"},"image":{"@id":"https:\/\/www.heimatbund-ronnenberg.de\/#\/schema\/logo\/image\/"}}]}},"_links":{"self":[{"href":"https:\/\/www.heimatbund-ronnenberg.de\/index.php?rest_route=\/wp\/v2\/pages\/85","targetHints":{"allow":["GET"]}}],"collection":[{"href":"https:\/\/www.heimatbund-ronnenberg.de\/index.php?rest_route=\/wp\/v2\/pages"}],"about":[{"href":"https:\/\/www.heimatbund-ronnenberg.de\/index.php?rest_route=\/wp\/v2\/types\/page"}],"author":[{"embeddable":true,"href":"https:\/\/www.heimatbund-ronnenberg.de\/index.php?rest_route=\/wp\/v2\/users\/5"}],"replies":[{"embeddable":true,"href":"https:\/\/www.heimatbund-ronnenberg.de\/index.php?rest_route=%2Fwp%2Fv2%2Fcomments&post=85"}],"version-history":[{"count":0,"href":"https:\/\/www.heimatbund-ronnenberg.de\/index.php?rest_route=\/wp\/v2\/pages\/85\/revisions"}],"wp:featuredmedia":[{"embeddable":true,"href":"https:\/\/www.heimatbund-ronnenberg.de\/index.php?rest_route=\/wp\/v2\/media\/87"}],"wp:attachment":[{"href":"https:\/\/www.heimatbund-ronnenberg.de\/index.php?rest_route=%2Fwp%2Fv2%2Fmedia&parent=85"}],"curies":[{"name":"wp","href":"https:\/\/api.w.org\/{rel}","templated":true}]}}